{"id":23,"date":"2024-07-29T14:06:35","date_gmt":"2024-07-29T14:06:35","guid":{"rendered":"https:\/\/www.partybus.si\/?page_id=23"},"modified":"2026-03-05T07:24:24","modified_gmt":"2026-03-05T07:24:24","slug":"darila","status":"publish","type":"page","link":"https:\/\/www.herrison.si\/en\/darila\/","title":{"rendered":"Gifts"},"content":{"rendered":"<div data-elementor-type=\"wp-page\" data-elementor-id=\"23\" class=\"elementor elementor-23\" data-elementor-post-type=\"page\">\n\t\t\t\t<div class=\"elementor-element elementor-element-3914f75 e-flex e-con-boxed e-con e-parent\" data-id=\"3914f75\" data-element_type=\"container\" data-e-type=\"container\" data-settings=\"{&quot;background_background&quot;:&quot;classic&quot;}\">\n\t\t\t\t\t<div class=\"e-con-inner\">\n\t\t\t\t<div class=\"elementor-element elementor-element-cd1f8e4 elementor-widget elementor-widget-heading\" data-id=\"cd1f8e4\" data-element_type=\"widget\" data-e-type=\"widget\" data-widget_type=\"heading.default\">\n\t\t\t\t<div class=\"elementor-widget-container\">\n\t\t\t\t\t<h1 class=\"elementor-heading-title elementor-size-default\">GIFTS<\/h1>\t\t\t\t<\/div>\n\t\t\t\t<\/div>\n\t\t\t\t<div class=\"elementor-element elementor-element-736ecd0 elementor-widget elementor-widget-breadcrumbs\" data-id=\"736ecd0\" data-element_type=\"widget\" data-e-type=\"widget\" data-widget_type=\"breadcrumbs.default\">\n\t\t\t\t<div class=\"elementor-widget-container\">\n\t\t\t\t\t<p id=\"breadcrumbs\"><span><span><a href=\"https:\/\/www.herrison.si\/en\/\">Home<\/a><\/span><\/span><\/p>\t\t\t\t<\/div>\n\t\t\t\t<\/div>\n\t\t\t\t\t<\/div>\n\t\t\t\t<\/div>\n\t\t<div class=\"elementor-element elementor-element-1384e78 e-flex e-con-boxed e-con e-parent\" data-id=\"1384e78\" data-element_type=\"container\" data-e-type=\"container\">\n\t\t\t\t\t<div class=\"e-con-inner\">\n\t\t\t\t<div class=\"elementor-element elementor-element-33e1650 elementor-widget elementor-widget-text-editor\" data-id=\"33e1650\" data-element_type=\"widget\" data-e-type=\"widget\" data-widget_type=\"text-editor.default\">\n\t\t\t\t<div class=\"elementor-widget-container\">\n\t\t\t\t\t\t\t\t\t<p>Gifts will be available soon. Meanwhile, you can check out our offer of natural liqueurs and spirits.<\/p>\t\t\t\t\t\t\t\t<\/div>\n\t\t\t\t<\/div>\n\t\t<div class=\"elementor-element elementor-element-e0fe098 e-grid e-con-full e-con e-child\" data-id=\"e0fe098\" data-element_type=\"container\" data-e-type=\"container\">\n\t\t\t\t<div class=\"elementor-element elementor-element-3ab2a9d elementor-cta--skin-cover elementor-widget elementor-widget-call-to-action\" data-id=\"3ab2a9d\" data-element_type=\"widget\" data-e-type=\"widget\" data-widget_type=\"call-to-action.default\">\n\t\t\t\t<div class=\"elementor-widget-container\">\n\t\t\t\t\t\t\t<div class=\"elementor-cta\">\n\t\t\t\t\t<div class=\"elementor-cta__bg-wrapper\">\n\t\t\t\t<div class=\"elementor-cta__bg elementor-bg\" style=\"background-image: url(https:\/\/www.herrison.si\/wp-content\/uploads\/2024\/08\/destilarna-herrison-borovnicke-borovnicevec-naravni-likerji-zganjekuha.jpg);\" role=\"img\" aria-label=\"distillery herrison blueberries blueberry cordial natural liqueurs brandy\"><\/div>\n\t\t\t\t<div class=\"elementor-cta__bg-overlay\"><\/div>\n\t\t\t<\/div>\n\t\t\t\t\t\t\t<div class=\"elementor-cta__content\">\n\t\t\t\t\n\t\t\t\t\t\t\t\t\t<h2 class=\"elementor-cta__title elementor-cta__content-item elementor-content-item\">\n\t\t\t\t\t\tNatural liqueurs\t\t\t\t\t<\/h2>\n\t\t\t\t\n\t\t\t\t\t\t\t\t\t<div class=\"elementor-cta__description elementor-cta__content-item elementor-content-item\">\n\t\t\t\t\t\tBlueberry Liqueur, Sour Cherry Liqueur, Walnut Liqueur and Bitter Liqueur\t\t\t\t\t<\/div>\n\t\t\t\t\n\t\t\t\t\t\t\t\t\t<div class=\"elementor-cta__button-wrapper elementor-cta__content-item elementor-content-item\">\n\t\t\t\t\t<a class=\"elementor-cta__button elementor-button elementor-size-\" href=\"https:\/\/www.herrison.si\/en\/likerji\/\">\n\t\t\t\t\t\tShop now\t\t\t\t\t<\/a>\n\t\t\t\t\t<\/div>\n\t\t\t\t\t\t\t<\/div>\n\t\t\t\t\t\t<\/div>\n\t\t\t\t\t\t<\/div>\n\t\t\t\t<\/div>\n\t\t\t\t<div class=\"elementor-element elementor-element-4254713 elementor-cta--skin-cover elementor-widget elementor-widget-call-to-action\" data-id=\"4254713\" data-element_type=\"widget\" data-e-type=\"widget\" data-widget_type=\"call-to-action.default\">\n\t\t\t\t<div class=\"elementor-widget-container\">\n\t\t\t\t\t\t\t<div class=\"elementor-cta\">\n\t\t\t\t\t<div class=\"elementor-cta__bg-wrapper\">\n\t\t\t\t<div class=\"elementor-cta__bg elementor-bg\" style=\"background-image: url(https:\/\/www.herrison.si\/wp-content\/uploads\/2025\/06\/destilarna-herrison-zganje-viljamovka-darilo-aperitiv.jpg);\" role=\"img\" aria-label=\"distillery herrison brandy viljamovka gift aperitif\"><\/div>\n\t\t\t\t<div class=\"elementor-cta__bg-overlay\"><\/div>\n\t\t\t<\/div>\n\t\t\t\t\t\t\t<div class=\"elementor-cta__content\">\n\t\t\t\t\n\t\t\t\t\t\t\t\t\t<h2 class=\"elementor-cta__title elementor-cta__content-item elementor-content-item\">\n\t\t\t\t\t\tNatural spirits\t\t\t\t\t<\/h2>\n\t\t\t\t\n\t\t\t\t\t\t\t\t\t<div class=\"elementor-cta__description elementor-cta__content-item elementor-content-item\">\n\t\t\t\t\t\tJuniper Berry Spirit, Williams Pear Spirit, Slivovitz, Gin and Absinthe.\t\t\t\t\t<\/div>\n\t\t\t\t\n\t\t\t\t\t\t\t\t\t<div class=\"elementor-cta__button-wrapper elementor-cta__content-item elementor-content-item\">\n\t\t\t\t\t<a class=\"elementor-cta__button elementor-button elementor-size-\" href=\"https:\/\/www.herrison.si\/en\/zganja\/\">\n\t\t\t\t\t\tShop now\t\t\t\t\t<\/a>\n\t\t\t\t\t<\/div>\n\t\t\t\t\t\t\t<\/div>\n\t\t\t\t\t\t<\/div>\n\t\t\t\t\t\t<\/div>\n\t\t\t\t<\/div>\n\t\t\t\t<\/div>\n\t\t\t\t\t<\/div>\n\t\t\t\t<\/div>\n\t\t\t\t<\/div>","protected":false},"excerpt":{"rendered":"<p>DARILA Darila bodo na voljo kmalu. Medtem si lahko pogledate na\u0161o ponudbo naravnih likerjev in naravnega \u017eganja. Naravni likerji Borovni\u010devec, vi\u0161njevec, orehovec in gren\u010dica. Nakupuj zdaj Naravna \u017eganja Brinjevec, viljamovka, slivovka, gin in absinthe. Nakupuj zdaj<\/p>","protected":false},"author":1,"featured_media":0,"parent":0,"menu_order":0,"comment_status":"closed","ping_status":"closed","template":"elementor_header_footer","meta":{"footnotes":""},"class_list":["post-23","page","type-page","status-publish","hentry"],"yoast_head":"<!-- This site is optimized with the Yoast SEO plugin v27.4 - https:\/\/yoast.com\/product\/yoast-seo-wordpress\/ -->\n<title>Darila - Destilarna Herrison<\/title>\n<meta name=\"robots\" content=\"index, follow, max-snippet:-1, max-image-preview:large, max-video-preview:-1\" \/>\n<link rel=\"canonical\" href=\"https:\/\/www.herrison.si\/en\/darila\/\" \/>\n<meta property=\"og:locale\" content=\"en_GB\" \/>\n<meta property=\"og:type\" content=\"article\" \/>\n<meta property=\"og:title\" content=\"Darila - Destilarna Herrison\" \/>\n<meta property=\"og:description\" content=\"DARILA Darila bodo na voljo kmalu. Medtem si lahko pogledate na\u0161o ponudbo naravnih likerjev in naravnega \u017eganja. Naravni likerji Borovni\u010devec, vi\u0161njevec, orehovec in gren\u010dica. Nakupuj zdaj Naravna \u017eganja Brinjevec, viljamovka, slivovka, gin in absinthe. Nakupuj zdaj\" \/>\n<meta property=\"og:url\" content=\"https:\/\/www.herrison.si\/en\/darila\/\" \/>\n<meta property=\"og:site_name\" content=\"Destilarna Herrison\" \/>\n<meta property=\"article:publisher\" content=\"https:\/\/www.facebook.com\/people\/Destilarna-Herrison\/100064031619880\/\" \/>\n<meta property=\"article:modified_time\" content=\"2026-03-05T07:24:24+00:00\" \/>\n<meta name=\"twitter:card\" content=\"summary_large_image\" \/>\n<meta name=\"twitter:label1\" content=\"Estimated reading time\" \/>\n\t<meta name=\"twitter:data1\" content=\"1 minute\" \/>\n<script type=\"application\/ld+json\" class=\"yoast-schema-graph\">{\"@context\":\"https:\\\/\\\/schema.org\",\"@graph\":[{\"@type\":\"WebPage\",\"@id\":\"https:\\\/\\\/www.herrison.si\\\/darila\\\/\",\"url\":\"https:\\\/\\\/www.herrison.si\\\/darila\\\/\",\"name\":\"Darila - Destilarna Herrison\",\"isPartOf\":{\"@id\":\"https:\\\/\\\/www.herrison.si\\\/#website\"},\"datePublished\":\"2024-07-29T14:06:35+00:00\",\"dateModified\":\"2026-03-05T07:24:24+00:00\",\"breadcrumb\":{\"@id\":\"https:\\\/\\\/www.herrison.si\\\/darila\\\/#breadcrumb\"},\"inLanguage\":\"en-GB\",\"potentialAction\":[{\"@type\":\"ReadAction\",\"target\":[\"https:\\\/\\\/www.herrison.si\\\/darila\\\/\"]}]},{\"@type\":\"BreadcrumbList\",\"@id\":\"https:\\\/\\\/www.herrison.si\\\/darila\\\/#breadcrumb\",\"itemListElement\":[{\"@type\":\"ListItem\",\"position\":1,\"name\":\"Domov\",\"item\":\"https:\\\/\\\/www.herrison.si\\\/\"},{\"@type\":\"ListItem\",\"position\":2,\"name\":\"Darila\"}]},{\"@type\":\"WebSite\",\"@id\":\"https:\\\/\\\/www.herrison.si\\\/#website\",\"url\":\"https:\\\/\\\/www.herrison.si\\\/\",\"name\":\"Destilarna Herrison\",\"description\":\"Naravno \u017eganje po tradicionalnih metodah\",\"publisher\":{\"@id\":\"https:\\\/\\\/www.herrison.si\\\/#organization\"},\"potentialAction\":[{\"@type\":\"SearchAction\",\"target\":{\"@type\":\"EntryPoint\",\"urlTemplate\":\"https:\\\/\\\/www.herrison.si\\\/?s={search_term_string}\"},\"query-input\":{\"@type\":\"PropertyValueSpecification\",\"valueRequired\":true,\"valueName\":\"search_term_string\"}}],\"inLanguage\":\"en-GB\"},{\"@type\":\"Organization\",\"@id\":\"https:\\\/\\\/www.herrison.si\\\/#organization\",\"name\":\"Destilarna Herrison\",\"url\":\"https:\\\/\\\/www.herrison.si\\\/\",\"logo\":{\"@type\":\"ImageObject\",\"inLanguage\":\"en-GB\",\"@id\":\"https:\\\/\\\/www.herrison.si\\\/#\\\/schema\\\/logo\\\/image\\\/\",\"url\":\"http:\\\/\\\/www.herrison.si\\\/wp-content\\\/uploads\\\/2024\\\/09\\\/destilarna-herrison-zganjekuha-naravno-zganje-likerji-logotip-crn.png\",\"contentUrl\":\"http:\\\/\\\/www.herrison.si\\\/wp-content\\\/uploads\\\/2024\\\/09\\\/destilarna-herrison-zganjekuha-naravno-zganje-likerji-logotip-crn.png\",\"width\":500,\"height\":530,\"caption\":\"Destilarna Herrison\"},\"image\":{\"@id\":\"https:\\\/\\\/www.herrison.si\\\/#\\\/schema\\\/logo\\\/image\\\/\"},\"sameAs\":[\"https:\\\/\\\/www.facebook.com\\\/people\\\/Destilarna-Herrison\\\/100064031619880\\\/\"]}]}<\/script>\n<!-- \/ Yoast SEO plugin. -->","yoast_head_json":{"title":"Darila - Destilarna Herrison","robots":{"index":"index","follow":"follow","max-snippet":"max-snippet:-1","max-image-preview":"max-image-preview:large","max-video-preview":"max-video-preview:-1"},"canonical":"https:\/\/www.herrison.si\/en\/darila\/","og_locale":"en_GB","og_type":"article","og_title":"Darila - Destilarna Herrison","og_description":"DARILA Darila bodo na voljo kmalu. Medtem si lahko pogledate na\u0161o ponudbo naravnih likerjev in naravnega \u017eganja. Naravni likerji Borovni\u010devec, vi\u0161njevec, orehovec in gren\u010dica. Nakupuj zdaj Naravna \u017eganja Brinjevec, viljamovka, slivovka, gin in absinthe. Nakupuj zdaj","og_url":"https:\/\/www.herrison.si\/en\/darila\/","og_site_name":"Destilarna Herrison","article_publisher":"https:\/\/www.facebook.com\/people\/Destilarna-Herrison\/100064031619880\/","article_modified_time":"2026-03-05T07:24:24+00:00","twitter_card":"summary_large_image","twitter_misc":{"Estimated reading time":"1 minute"},"schema":{"@context":"https:\/\/schema.org","@graph":[{"@type":"WebPage","@id":"https:\/\/www.herrison.si\/darila\/","url":"https:\/\/www.herrison.si\/darila\/","name":"Darila - Destilarna Herrison","isPartOf":{"@id":"https:\/\/www.herrison.si\/#website"},"datePublished":"2024-07-29T14:06:35+00:00","dateModified":"2026-03-05T07:24:24+00:00","breadcrumb":{"@id":"https:\/\/www.herrison.si\/darila\/#breadcrumb"},"inLanguage":"en-GB","potentialAction":[{"@type":"ReadAction","target":["https:\/\/www.herrison.si\/darila\/"]}]},{"@type":"BreadcrumbList","@id":"https:\/\/www.herrison.si\/darila\/#breadcrumb","itemListElement":[{"@type":"ListItem","position":1,"name":"Domov","item":"https:\/\/www.herrison.si\/"},{"@type":"ListItem","position":2,"name":"Darila"}]},{"@type":"WebSite","@id":"https:\/\/www.herrison.si\/#website","url":"https:\/\/www.herrison.si\/","name":"Distillery Herrison","description":"Naravno \u017eganje po tradicionalnih metodah","publisher":{"@id":"https:\/\/www.herrison.si\/#organization"},"potentialAction":[{"@type":"SearchAction","target":{"@type":"EntryPoint","urlTemplate":"https:\/\/www.herrison.si\/?s={search_term_string}"},"query-input":{"@type":"PropertyValueSpecification","valueRequired":true,"valueName":"search_term_string"}}],"inLanguage":"en-GB"},{"@type":"Organization","@id":"https:\/\/www.herrison.si\/#organization","name":"Distillery Herrison","url":"https:\/\/www.herrison.si\/","logo":{"@type":"ImageObject","inLanguage":"en-GB","@id":"https:\/\/www.herrison.si\/#\/schema\/logo\/image\/","url":"http:\/\/www.herrison.si\/wp-content\/uploads\/2024\/09\/destilarna-herrison-zganjekuha-naravno-zganje-likerji-logotip-crn.png","contentUrl":"http:\/\/www.herrison.si\/wp-content\/uploads\/2024\/09\/destilarna-herrison-zganjekuha-naravno-zganje-likerji-logotip-crn.png","width":500,"height":530,"caption":"Destilarna Herrison"},"image":{"@id":"https:\/\/www.herrison.si\/#\/schema\/logo\/image\/"},"sameAs":["https:\/\/www.facebook.com\/people\/Destilarna-Herrison\/100064031619880\/"]}]}},"_links":{"self":[{"href":"https:\/\/www.herrison.si\/en\/wp-json\/wp\/v2\/pages\/23","targetHints":{"allow":["GET"]}}],"collection":[{"href":"https:\/\/www.herrison.si\/en\/wp-json\/wp\/v2\/pages"}],"about":[{"href":"https:\/\/www.herrison.si\/en\/wp-json\/wp\/v2\/types\/page"}],"author":[{"embeddable":true,"href":"https:\/\/www.herrison.si\/en\/wp-json\/wp\/v2\/users\/1"}],"replies":[{"embeddable":true,"href":"https:\/\/www.herrison.si\/en\/wp-json\/wp\/v2\/comments?post=23"}],"version-history":[{"count":19,"href":"https:\/\/www.herrison.si\/en\/wp-json\/wp\/v2\/pages\/23\/revisions"}],"predecessor-version":[{"id":778,"href":"https:\/\/www.herrison.si\/en\/wp-json\/wp\/v2\/pages\/23\/revisions\/778"}],"wp:attachment":[{"href":"https:\/\/www.herrison.si\/en\/wp-json\/wp\/v2\/media?parent=23"}],"curies":[{"name":"wp","href":"https:\/\/api.w.org\/{rel}","templated":true}]}}