{"id":271,"date":"2025-05-20T15:09:10","date_gmt":"2025-05-20T15:09:10","guid":{"rendered":"https:\/\/www.partybus.si\/?post_type=product&#038;p=271"},"modified":"2025-06-04T16:19:54","modified_gmt":"2025-06-04T16:19:54","slug":"grencica-700ml","status":"publish","type":"product","link":"https:\/\/www.herrison.si\/en\/product\/grencica-700ml\/","title":{"rendered":"Bitter Liqueur 700ml"},"content":{"rendered":"<h3>Gren\u010dica in hrana<\/h3>\n<p>Gren\u010dica se zaradi svojega izrazitega, zeli\u0161\u010dnega in grenkega okusa najbolje ujame z dolo\u010denimi vrstami jedi, ki jo dopolnjujejo ali uravnote\u017eijo. Ponujamo vam nekaj primerov:<\/p>\n<ul>\n<li><strong>SUHE MESNINE IN SIRI<\/strong> &#8211; Uravnote\u017ei ma\u0161\u010dobo in slanost suhih mesnin (pr\u0161ut, salame, panceta&#8230;). Sovpada s siri z mo\u010dnim okusom (npr. modri sir, staran sir).<\/li>\n<li><strong>DIVJA\u010cINA<\/strong> &#8211; Mo\u010dni mesni okusi divja\u010dinskega mesa (srna, jelen, divji pra\u0161i\u010d) prenesejo intenzivnost gren\u010dice.<\/li>\n<li><strong>PE\u010cENKA<\/strong> &#8211; Svinjska ali goveja, \u0161e posebej z zeli\u0161\u010dno omako, ki se lepo ujame z zeli\u0161\u010dno noto gren\u010dice.<\/li>\n<li><strong>SLADICE<\/strong> &#8211; Temna \u010dokolada ali sladice s kakavom: grenkoba se lepo dopolni s sladkobo. Sladice z meto ali zeli\u0161\u010di.<\/li>\n<li><strong>PO OBROKU<\/strong> &#8211; Gren\u010dica je tradicionalno najbolj primerna kot digestiv po jedi, saj spodbuja prebavo. V tem primeru ni nujno, da se kombinira s hrano, ampak se postre\u017ee samostojno.<\/li>\n<\/ul>\n<h3>Kako jo pijemo?<\/h3>\n<p>U\u017eivanje gren\u010dice je lahko pravi mali obred, \u0161e posebej, \u010de jo postre\u017eemo pravilno. Ponujamo vam nekaj nasvetov za pitje tega likerja:<\/p>\n<ul>\n<li><strong>TEMPERATURA<\/strong>: ve\u010dina gren\u010dic (npr. J\u00e4germeister, pelinkovec) se najbolje prile\u017ee hladna. Ohlajena temperatura ubla\u017ei ostrino alkohola in poudari zeli\u0161\u010de note. Za bolj presti\u017ene, ro\u010dno pridelane gren\u010dice, ki imajo bogatej\u0161o aromo se temperatura postre\u017ebe giblje med 15 do 20 \u00b0C, saj se arome takrat najbolj izrazijo.<\/li>\n<li><strong>KOZAREC<\/strong>: gren\u010dico postre\u017eemo v manj\u0161em kozarcu za likerje (npr. tulipanasti ali klasi\u010dni kozarci za \u017eganje). Za po\u010dasno u\u017eivanje se lahko uporabijo tudi kozarci za konjak (\u010de \u017eelimo povohati in zaznati arome).<\/li>\n<li><strong>NA\u010cIN PITJA<\/strong>: po obroku jo pijemo v majhnih koli\u010dinah, po\u010dasi po po\u017eirkih. Redkeje jo pijemo zme\u0161ano z mineralno vodo, a ta kombinacija lahko spodbudi apetit. Gren\u010dica je lahko odli\u010dna sestavina v koktejlih.<\/li>\n<li><strong>HRANA<\/strong>: lahko jo zau\u017eijemo pred ali po obroku. Odli\u010dno sovpada s suhimi mesninami, siri, kislo zelenjavo, divja\u010dino, pe\u010denko in sladicami, predvsem v kombinaciji s temno \u010dokolado in kakavom.<\/li>\n<li><strong>PRILO\u017dNOSTI<\/strong>: tradicionalno jo pijemo kot digestiv po obroku, \u0161e posebej ob prazni\u010dnih ali bogatih kosilih. Gren\u010dica je pogosto na mizi ob ve\u010dernih dru\u017eenjih. Ve\u010dkrat jo uporabljamo za nazdravljanje, zlasti v doma\u010dem okolju.<\/li>\n<\/ul>","protected":false},"excerpt":{"rendered":"<p>Stopnja alkohola: <strong>30%.<\/strong><\/p>\n<p>Volumen: <strong>700ml.<\/strong><\/p>\n<p>Servirati pri: <strong>15-20\u00b0C.<\/strong><\/p>\n<p>Embala\u017ea: <strong>steklo.<\/strong><\/p>\n<p>Pohorska gren\u010dica je grenak liker, pridelan iz razli\u010dnih zdravilnih in aromati\u010dnih zeli\u0161\u010d, ki prispevajo k zna\u010dilnemu okusu in zdravilnim lastnostim. Gren\u010dico pridobivamo tako, da zeli\u0161\u010da namo\u010dimo v vinsko \u017eganje iz grozdja samorodnih sort. Za maksimalno aromo gren\u010dice zeli\u0161\u010da maceriramo v \u017eganju ve\u010d mesecev pod dolo\u010deno temperaturo.<\/p>\n<p>Zaradi svoje edinstvene sestave in okusa je Pohorska gren\u010dica priljubljena tako med doma\u010dimi kot tujimi ljubitelji naravnih likerjev, ki i\u0161\u010dejo avtenti\u010dne slovenske izdelke. Poleg tega je pogosto izbrana kot darilo, saj \u010dudovit dizajn steklenice in zgodba za njo odra\u017eata spo\u0161tovanje do tradicije in narave.<\/p>\n<p>Pohorska gren\u010dica je 100% naravni liker, brez dodanih umetnih arom in barvil.<\/p>","protected":false},"featured_media":272,"template":"","meta":[],"product_brand":[],"product_cat":[19],"product_tag":[27,24],"class_list":{"0":"post-271","1":"product","2":"type-product","3":"status-publish","4":"has-post-thumbnail","6":"product_cat-naravni-likerji","7":"product_tag-grencica","8":"product_tag-likerji","10":"first","11":"instock","12":"shipping-taxable","13":"purchasable","14":"product-type-simple"},"yoast_head":"<!-- This site is optimized with the Yoast SEO plugin v27.4 - https:\/\/yoast.com\/product\/yoast-seo-wordpress\/ -->\n<title>Gren\u010dica 700ml - 30% alk.<\/title>\n<meta name=\"description\" content=\"Pohorska gren\u010dica je grenak liker, pridelan iz razli\u010dnih zdravilnih in aromati\u010dnih zeli\u0161\u010d, ki prispevajo k zna\u010dilnemu okusu in zdravilnim lastnostim.\" \/>\n<meta name=\"robots\" content=\"index, follow, max-snippet:-1, max-image-preview:large, max-video-preview:-1\" \/>\n<link rel=\"canonical\" href=\"https:\/\/www.herrison.si\/en\/product\/grencica-700ml\/\" \/>\n<meta property=\"og:locale\" content=\"en_GB\" \/>\n<meta property=\"og:type\" content=\"article\" \/>\n<meta property=\"og:title\" content=\"Gren\u010dica 700ml - 30% alk.\" \/>\n<meta property=\"og:description\" content=\"Pohorska gren\u010dica je grenak liker, pridelan iz razli\u010dnih zdravilnih in aromati\u010dnih zeli\u0161\u010d, ki prispevajo k zna\u010dilnemu okusu in zdravilnim lastnostim.\" \/>\n<meta property=\"og:url\" content=\"https:\/\/www.herrison.si\/en\/product\/grencica-700ml\/\" \/>\n<meta property=\"og:site_name\" content=\"Destilarna Herrison\" \/>\n<meta property=\"article:publisher\" content=\"https:\/\/www.facebook.com\/people\/Destilarna-Herrison\/100064031619880\/\" \/>\n<meta property=\"article:modified_time\" content=\"2025-06-04T16:19:54+00:00\" \/>\n<meta property=\"og:image\" content=\"https:\/\/www.herrison.si\/wp-content\/uploads\/2025\/05\/destilarna-herrison-pohorska-grencica-naravni-liker-pelinkovec-700ml.jpeg\" \/>\n\t<meta property=\"og:image:width\" content=\"480\" \/>\n\t<meta property=\"og:image:height\" content=\"640\" \/>\n\t<meta property=\"og:image:type\" content=\"image\/jpeg\" \/>\n<meta name=\"twitter:card\" content=\"summary_large_image\" \/>\n<meta name=\"twitter:label1\" content=\"Estimated reading time\" \/>\n\t<meta name=\"twitter:data1\" content=\"2 minutes\" \/>\n<script type=\"application\/ld+json\" class=\"yoast-schema-graph\">{\"@context\":\"https:\\\/\\\/schema.org\",\"@graph\":[{\"@type\":\"WebPage\",\"@id\":\"https:\\\/\\\/www.herrison.si\\\/izdelek\\\/grencica-700ml\\\/\",\"url\":\"https:\\\/\\\/www.herrison.si\\\/izdelek\\\/grencica-700ml\\\/\",\"name\":\"Gren\u010dica 700ml - 30% alk.\",\"isPartOf\":{\"@id\":\"https:\\\/\\\/www.herrison.si\\\/#website\"},\"primaryImageOfPage\":{\"@id\":\"https:\\\/\\\/www.herrison.si\\\/izdelek\\\/grencica-700ml\\\/#primaryimage\"},\"image\":{\"@id\":\"https:\\\/\\\/www.herrison.si\\\/izdelek\\\/grencica-700ml\\\/#primaryimage\"},\"thumbnailUrl\":\"https:\\\/\\\/www.herrison.si\\\/wp-content\\\/uploads\\\/2025\\\/05\\\/destilarna-herrison-pohorska-grencica-naravni-liker-pelinkovec-700ml.jpeg\",\"datePublished\":\"2025-05-20T15:09:10+00:00\",\"dateModified\":\"2025-06-04T16:19:54+00:00\",\"description\":\"Pohorska gren\u010dica je grenak liker, pridelan iz razli\u010dnih zdravilnih in aromati\u010dnih zeli\u0161\u010d, ki prispevajo k zna\u010dilnemu okusu in zdravilnim lastnostim.\",\"breadcrumb\":{\"@id\":\"https:\\\/\\\/www.herrison.si\\\/izdelek\\\/grencica-700ml\\\/#breadcrumb\"},\"inLanguage\":\"en-GB\",\"potentialAction\":[{\"@type\":\"ReadAction\",\"target\":[\"https:\\\/\\\/www.herrison.si\\\/izdelek\\\/grencica-700ml\\\/\"]}]},{\"@type\":\"ImageObject\",\"inLanguage\":\"en-GB\",\"@id\":\"https:\\\/\\\/www.herrison.si\\\/izdelek\\\/grencica-700ml\\\/#primaryimage\",\"url\":\"https:\\\/\\\/www.herrison.si\\\/wp-content\\\/uploads\\\/2025\\\/05\\\/destilarna-herrison-pohorska-grencica-naravni-liker-pelinkovec-700ml.jpeg\",\"contentUrl\":\"https:\\\/\\\/www.herrison.si\\\/wp-content\\\/uploads\\\/2025\\\/05\\\/destilarna-herrison-pohorska-grencica-naravni-liker-pelinkovec-700ml.jpeg\",\"width\":480,\"height\":640,\"caption\":\"destilarna herrison pohorska gren\u010dica naravni liker pelinkovec 700ml\"},{\"@type\":\"BreadcrumbList\",\"@id\":\"https:\\\/\\\/www.herrison.si\\\/izdelek\\\/grencica-700ml\\\/#breadcrumb\",\"itemListElement\":[{\"@type\":\"ListItem\",\"position\":1,\"name\":\"Domov\",\"item\":\"https:\\\/\\\/www.herrison.si\\\/\"},{\"@type\":\"ListItem\",\"position\":2,\"name\":\"Izdelki\",\"item\":\"https:\\\/\\\/www.herrison.si\\\/shop\\\/\"},{\"@type\":\"ListItem\",\"position\":3,\"name\":\"Gren\u010dica 700ml\"}]},{\"@type\":\"WebSite\",\"@id\":\"https:\\\/\\\/www.herrison.si\\\/#website\",\"url\":\"https:\\\/\\\/www.herrison.si\\\/\",\"name\":\"Destilarna Herrison\",\"description\":\"Naravno \u017eganje po tradicionalnih metodah\",\"publisher\":{\"@id\":\"https:\\\/\\\/www.herrison.si\\\/#organization\"},\"potentialAction\":[{\"@type\":\"SearchAction\",\"target\":{\"@type\":\"EntryPoint\",\"urlTemplate\":\"https:\\\/\\\/www.herrison.si\\\/?s={search_term_string}\"},\"query-input\":{\"@type\":\"PropertyValueSpecification\",\"valueRequired\":true,\"valueName\":\"search_term_string\"}}],\"inLanguage\":\"en-GB\"},{\"@type\":\"Organization\",\"@id\":\"https:\\\/\\\/www.herrison.si\\\/#organization\",\"name\":\"Destilarna Herrison\",\"url\":\"https:\\\/\\\/www.herrison.si\\\/\",\"logo\":{\"@type\":\"ImageObject\",\"inLanguage\":\"en-GB\",\"@id\":\"https:\\\/\\\/www.herrison.si\\\/#\\\/schema\\\/logo\\\/image\\\/\",\"url\":\"http:\\\/\\\/www.herrison.si\\\/wp-content\\\/uploads\\\/2024\\\/09\\\/destilarna-herrison-zganjekuha-naravno-zganje-likerji-logotip-crn.png\",\"contentUrl\":\"http:\\\/\\\/www.herrison.si\\\/wp-content\\\/uploads\\\/2024\\\/09\\\/destilarna-herrison-zganjekuha-naravno-zganje-likerji-logotip-crn.png\",\"width\":500,\"height\":530,\"caption\":\"Destilarna Herrison\"},\"image\":{\"@id\":\"https:\\\/\\\/www.herrison.si\\\/#\\\/schema\\\/logo\\\/image\\\/\"},\"sameAs\":[\"https:\\\/\\\/www.facebook.com\\\/people\\\/Destilarna-Herrison\\\/100064031619880\\\/\"]}]}<\/script>\n<!-- \/ Yoast SEO plugin. -->","yoast_head_json":{"title":"Gren\u010dica 700ml - 30% alk.","description":"Pohorska gren\u010dica je grenak liker, pridelan iz razli\u010dnih zdravilnih in aromati\u010dnih zeli\u0161\u010d, ki prispevajo k zna\u010dilnemu okusu in zdravilnim lastnostim.","robots":{"index":"index","follow":"follow","max-snippet":"max-snippet:-1","max-image-preview":"max-image-preview:large","max-video-preview":"max-video-preview:-1"},"canonical":"https:\/\/www.herrison.si\/en\/product\/grencica-700ml\/","og_locale":"en_GB","og_type":"article","og_title":"Gren\u010dica 700ml - 30% alk.","og_description":"Pohorska gren\u010dica je grenak liker, pridelan iz razli\u010dnih zdravilnih in aromati\u010dnih zeli\u0161\u010d, ki prispevajo k zna\u010dilnemu okusu in zdravilnim lastnostim.","og_url":"https:\/\/www.herrison.si\/en\/product\/grencica-700ml\/","og_site_name":"Destilarna Herrison","article_publisher":"https:\/\/www.facebook.com\/people\/Destilarna-Herrison\/100064031619880\/","article_modified_time":"2025-06-04T16:19:54+00:00","og_image":[{"width":480,"height":640,"url":"https:\/\/www.herrison.si\/wp-content\/uploads\/2025\/05\/destilarna-herrison-pohorska-grencica-naravni-liker-pelinkovec-700ml.jpeg","type":"image\/jpeg"}],"twitter_card":"summary_large_image","twitter_misc":{"Estimated reading time":"2 minutes"},"schema":{"@context":"https:\/\/schema.org","@graph":[{"@type":"WebPage","@id":"https:\/\/www.herrison.si\/izdelek\/grencica-700ml\/","url":"https:\/\/www.herrison.si\/izdelek\/grencica-700ml\/","name":"Gren\u010dica 700ml - 30% alk.","isPartOf":{"@id":"https:\/\/www.herrison.si\/#website"},"primaryImageOfPage":{"@id":"https:\/\/www.herrison.si\/izdelek\/grencica-700ml\/#primaryimage"},"image":{"@id":"https:\/\/www.herrison.si\/izdelek\/grencica-700ml\/#primaryimage"},"thumbnailUrl":"https:\/\/www.herrison.si\/wp-content\/uploads\/2025\/05\/destilarna-herrison-pohorska-grencica-naravni-liker-pelinkovec-700ml.jpeg","datePublished":"2025-05-20T15:09:10+00:00","dateModified":"2025-06-04T16:19:54+00:00","description":"Pohorska gren\u010dica je grenak liker, pridelan iz razli\u010dnih zdravilnih in aromati\u010dnih zeli\u0161\u010d, ki prispevajo k zna\u010dilnemu okusu in zdravilnim lastnostim.","breadcrumb":{"@id":"https:\/\/www.herrison.si\/izdelek\/grencica-700ml\/#breadcrumb"},"inLanguage":"en-GB","potentialAction":[{"@type":"ReadAction","target":["https:\/\/www.herrison.si\/izdelek\/grencica-700ml\/"]}]},{"@type":"ImageObject","inLanguage":"en-GB","@id":"https:\/\/www.herrison.si\/izdelek\/grencica-700ml\/#primaryimage","url":"https:\/\/www.herrison.si\/wp-content\/uploads\/2025\/05\/destilarna-herrison-pohorska-grencica-naravni-liker-pelinkovec-700ml.jpeg","contentUrl":"https:\/\/www.herrison.si\/wp-content\/uploads\/2025\/05\/destilarna-herrison-pohorska-grencica-naravni-liker-pelinkovec-700ml.jpeg","width":480,"height":640,"caption":"destilarna herrison pohorska gren\u010dica naravni liker pelinkovec 700ml"},{"@type":"BreadcrumbList","@id":"https:\/\/www.herrison.si\/izdelek\/grencica-700ml\/#breadcrumb","itemListElement":[{"@type":"ListItem","position":1,"name":"Domov","item":"https:\/\/www.herrison.si\/"},{"@type":"ListItem","position":2,"name":"Izdelki","item":"https:\/\/www.herrison.si\/shop\/"},{"@type":"ListItem","position":3,"name":"Gren\u010dica 700ml"}]},{"@type":"WebSite","@id":"https:\/\/www.herrison.si\/#website","url":"https:\/\/www.herrison.si\/","name":"Distillery Herrison","description":"Naravno \u017eganje po tradicionalnih metodah","publisher":{"@id":"https:\/\/www.herrison.si\/#organization"},"potentialAction":[{"@type":"SearchAction","target":{"@type":"EntryPoint","urlTemplate":"https:\/\/www.herrison.si\/?s={search_term_string}"},"query-input":{"@type":"PropertyValueSpecification","valueRequired":true,"valueName":"search_term_string"}}],"inLanguage":"en-GB"},{"@type":"Organization","@id":"https:\/\/www.herrison.si\/#organization","name":"Distillery Herrison","url":"https:\/\/www.herrison.si\/","logo":{"@type":"ImageObject","inLanguage":"en-GB","@id":"https:\/\/www.herrison.si\/#\/schema\/logo\/image\/","url":"http:\/\/www.herrison.si\/wp-content\/uploads\/2024\/09\/destilarna-herrison-zganjekuha-naravno-zganje-likerji-logotip-crn.png","contentUrl":"http:\/\/www.herrison.si\/wp-content\/uploads\/2024\/09\/destilarna-herrison-zganjekuha-naravno-zganje-likerji-logotip-crn.png","width":500,"height":530,"caption":"Destilarna Herrison"},"image":{"@id":"https:\/\/www.herrison.si\/#\/schema\/logo\/image\/"},"sameAs":["https:\/\/www.facebook.com\/people\/Destilarna-Herrison\/100064031619880\/"]}]}},"_links":{"self":[{"href":"https:\/\/www.herrison.si\/en\/wp-json\/wp\/v2\/product\/271","targetHints":{"allow":["GET"]}}],"collection":[{"href":"https:\/\/www.herrison.si\/en\/wp-json\/wp\/v2\/product"}],"about":[{"href":"https:\/\/www.herrison.si\/en\/wp-json\/wp\/v2\/types\/product"}],"wp:featuredmedia":[{"embeddable":true,"href":"https:\/\/www.herrison.si\/en\/wp-json\/wp\/v2\/media\/272"}],"wp:attachment":[{"href":"https:\/\/www.herrison.si\/en\/wp-json\/wp\/v2\/media?parent=271"}],"wp:term":[{"taxonomy":"product_brand","embeddable":true,"href":"https:\/\/www.herrison.si\/en\/wp-json\/wp\/v2\/product_brand?post=271"},{"taxonomy":"product_cat","embeddable":true,"href":"https:\/\/www.herrison.si\/en\/wp-json\/wp\/v2\/product_cat?post=271"},{"taxonomy":"product_tag","embeddable":true,"href":"https:\/\/www.herrison.si\/en\/wp-json\/wp\/v2\/product_tag?post=271"}],"curies":[{"name":"wp","href":"https:\/\/api.w.org\/{rel}","templated":true}]}}